{"id":31299,"date":"2026-02-26T18:00:42","date_gmt":"2026-02-26T18:00:42","guid":{"rendered":"https:\/\/seb-admin.com\/benefits-newsletters\/"},"modified":"2026-02-26T18:51:11","modified_gmt":"2026-02-26T18:51:11","slug":"bulletin-des-avantages-sociaux","status":"publish","type":"page","link":"https:\/\/seb-admin.com\/fr-ca\/bulletin-des-avantages-sociaux\/","title":{"rendered":"Bulletin des avantages sociaux"},"content":{"rendered":"\t\t<div data-elementor-type=\"wp-page\" data-elementor-id=\"31299\" class=\"elementor elementor-31299 elementor-31291\" data-elementor-post-type=\"page\">\n\t\t\t\t\t\t\t<div class=\" elementor-element elementor-element-e45ec56 e-con-full e-flex e-con e-parent\" data-id=\"e45ec56\" data-element_type=\"container\" data-settings=\"{&quot;background_background&quot;:&quot;classic&quot;}\">\r\n\t\t\t\t\t\t<div class=\" elementor-element elementor-element-c759db5 e-con-full e-flex elementor-invisible e-con e-child\" data-id=\"c759db5\" data-element_type=\"container\" data-settings=\"{&quot;background_background&quot;:&quot;classic&quot;,&quot;animation&quot;:&quot;fadeIn&quot;}\">\r\n\t\t\t\r\n\t\t\t<\/div>\r\n\t\t\t\t\t\t<div class=\" elementor-element elementor-element-5ca848e e-con-full e-flex elementor-invisible e-con e-child\" data-id=\"5ca848e\" data-element_type=\"container\" data-settings=\"{&quot;background_background&quot;:&quot;classic&quot;,&quot;animation&quot;:&quot;fadeIn&quot;}\">\r\n\t\t\t\t\t<div class=\"elementor-element elementor-element-6851ccf elementor-widget elementor-widget-html\" data-id=\"6851ccf\" data-element_type=\"widget\" id=\"SEB-newsletter-form\" data-widget_type=\"html.default\">\n\t\t\t\t<div class=\"elementor-widget-container\">\n\t\t\t\t\t<script charset=\"utf-8\" type=\"text\/javascript\" src=\"\/\/js.hsforms.net\/forms\/embed\/v2.js\"><\/script>\r\n<script>\r\n  hbspt.forms.create({\r\n    portalId: \"7107136\",\r\n    formId: \"750ee3a6-966a-4053-afd6-842868a4b896\",\r\n    region: \"na1\"\r\n  });\r\n<\/script>\t\t\t\t<\/div>\n\t\t\t\t<\/div>\n\t\t\r\n\t\t\t<\/div>\r\n\t\t\t\r\n\t\t\t<\/div>\r\n\t\t\t\t\t\t<div class=\" elementor-element elementor-element-9dfb3e7 e-flex e-con-boxed e-con e-parent\" data-id=\"9dfb3e7\" data-element_type=\"container\" data-settings=\"{&quot;background_background&quot;:&quot;classic&quot;}\">\r\n\t\t\t\t\t\t\t<div class=\"e-con-inner\">\r\n\t\t\t\t\t\t\t<div class=\" elementor-element elementor-element-286c962 e-con-full e-flex e-con e-child\" data-id=\"286c962\" data-element_type=\"container\">\r\n\t\t\t\t\t<div class=\"elementor-element elementor-element-8eb8da2 elementor-widget-mobile__width-inherit elementor-widget elementor-widget-text-editor\" data-id=\"8eb8da2\" data-element_type=\"widget\" data-widget_type=\"text-editor.default\">\n\t\t\t\t<div class=\"elementor-widget-container\">\n\t\t\t\t\t\t\t\t\t<div class=\"SEB-newsletter-latest\"><h2><a href=\"https:\/\/e-mail.seb-admin.com\/le-bulletin-de-seb-gardez-une-longueur-davance-sur-les-tendances-en-mati%C3%A8re-davantages-sociaux-et-les-nouveaut%C3%A9s-de-lindustrie-1\" target=\"_blank\" rel=\"noopener\" aria-label=\"This link opens SEB Benefits Newsletter May 2025 edition in new tab\">Bulletin des avantages sociaux<br data-ctype=\"x-html-wpml_linebreak\" \/>\u2013 f\u00e9vrier 2026<\/a><\/h2><p style=\"color: #000;\">Bienvenue dans l&rsquo;\u00e9dition hivernale de la newsletter Smart Benefits ! Restez inform\u00e9 des derni\u00e8res actualit\u00e9s de SEB, des avis d&rsquo;experts sur les avantages sociaux et d&rsquo;un tour d&rsquo;horizon des d\u00e9veloppements r\u00e9cents du secteur, le tout en un seul endroit.<\/p><\/div>\t\t\t\t\t\t\t\t<\/div>\n\t\t\t\t<\/div>\n\t\t\r\n\t\t\t<\/div>\r\n\t\t\t\t\t\t<div class=\" elementor-element elementor-element-dc170e3 e-con-full e-flex e-con e-child\" data-id=\"dc170e3\" data-element_type=\"container\">\r\n\t\t\t\t\t<div class=\"elementor-element elementor-element-f94d2ba elementor-widget-mobile__width-inherit elementor-invisible elementor-widget elementor-widget-image\" data-id=\"f94d2ba\" data-element_type=\"widget\" data-settings=\"{&quot;_animation&quot;:&quot;fadeInRight&quot;,&quot;_animation_delay&quot;:10}\" data-widget_type=\"image.default\">\n\t\t\t\t<div class=\"elementor-widget-container\">\n\t\t\t\t\t\t\t\t\t\t\t\t\t\t\t<img fetchpriority=\"high\" decoding=\"async\" width=\"857\" height=\"1024\" src=\"https:\/\/seb-admin.com\/wp-content\/uploads\/2026\/02\/SEB-Newsletter-August-2025-FR-857x1024.jpg\" class=\"attachment-large size-large wp-image-31333\" alt=\"\" srcset=\"https:\/\/seb-admin.com\/wp-content\/uploads\/2026\/02\/SEB-Newsletter-August-2025-FR-857x1024.jpg 857w, https:\/\/seb-admin.com\/wp-content\/uploads\/2026\/02\/SEB-Newsletter-August-2025-FR-768x918.jpg 768w\" sizes=\"(max-width: 857px) 100vw, 857px\" \/>\t\t\t\t\t\t\t\t\t\t\t\t\t\t\t<\/div>\n\t\t\t\t<\/div>\n\t\t\r\n\t\t\t<\/div>\r\n\t\t\t\t\t\t\t<\/div>\r\n\t\t\t\t\r\n\t\t\t<\/div>\r\n\t\t\t\t\t\t<div class=\" elementor-element elementor-element-599bbc8 e-flex e-con-boxed e-con e-parent\" data-id=\"599bbc8\" data-element_type=\"container\" data-settings=\"{&quot;background_background&quot;:&quot;classic&quot;}\">\r\n\t\t\t\t\t\t\t<div class=\"e-con-inner\">\r\n\t\t\t\t\t\t\t<div class=\" elementor-element elementor-element-5335f9c e-con-full e-flex e-con e-child\" data-id=\"5335f9c\" data-element_type=\"container\" data-settings=\"{&quot;background_background&quot;:&quot;classic&quot;}\">\r\n\t\t\t\t\t<div class=\"elementor-element elementor-element-a3a16d6 elementor-widget elementor-widget-udesign_widget_heading\" data-id=\"a3a16d6\" data-element_type=\"widget\" data-widget_type=\"udesign_widget_heading.default\">\n\t\t\t\t<div class=\"elementor-widget-container\">\n\t\t\t\t\t<div class=\"title-wrapper  title-left\"><h2 class=\"title elementor-heading-title\">Bulletins pr\u00e9c\u00e9dents<\/h2><\/div>\t\t\t\t<\/div>\n\t\t\t\t<\/div>\n\t\t\t\t<div class=\"elementor-element elementor-element-900a38c cs82-accordion elementor-widget elementor-widget-n-accordion\" data-id=\"900a38c\" data-element_type=\"widget\" data-settings=\"{&quot;default_state&quot;:&quot;all_collapsed&quot;,&quot;max_items_expended&quot;:&quot;one&quot;,&quot;n_accordion_animation_duration&quot;:{&quot;unit&quot;:&quot;ms&quot;,&quot;size&quot;:400,&quot;sizes&quot;:[]}}\" data-widget_type=\"nested-accordion.default\">\n\t\t\t\t<div class=\"elementor-widget-container\">\n\t\t\t\t\t\t\t<div class=\"e-n-accordion\" aria-label=\"Accordion. Open links with Enter or Space, close with Escape, and navigate with Arrow Keys\">\n\t\t\t\t\t\t<details id=\"e-n-accordion-item-1510\" class=\"e-n-accordion-item\" >\n\t\t\t\t<summary class=\"e-n-accordion-item-title\" data-accordion-index=\"1\" tabindex=\"0\" aria-expanded=\"false\" aria-controls=\"e-n-accordion-item-1510\" >\n\t\t\t\t\t<span class='e-n-accordion-item-title-header'><div class=\"e-n-accordion-item-title-text\"> 2025 <\/div><\/span>\n\t\t\t\t\t\t\t<span class='e-n-accordion-item-title-icon'>\n\t\t\t<span class='e-opened' ><i aria-hidden=\"true\" class=\"  a-icon-minus\"><\/i><\/span>\n\t\t\t<span class='e-closed'><i aria-hidden=\"true\" class=\"  a-icon-plus\"><\/i><\/span>\n\t\t<\/span>\n\n\t\t\t\t\t\t<\/summary>\n\t\t\t\t\t\t\t<div class=\" elementor-element elementor-element-f0a2391 e-con-full e-flex e-con e-child\" role=\"region\" aria-labelledby=\"e-n-accordion-item-1510\" data-id=\"f0a2391\" data-element_type=\"container\">\r\n\t\t\t\t\t<div class=\"elementor-element elementor-element-9069664 elementor-icon-list--layout-traditional elementor-list-item-link-full_width elementor-widget elementor-widget-icon-list\" data-id=\"9069664\" data-element_type=\"widget\" data-widget_type=\"icon-list.default\">\n\t\t\t\t<div class=\"elementor-widget-container\">\n\t\t\t\t\t\t\t<ul class=\"elementor-icon-list-items\">\n\t\t\t\t\t\t\t<li class=\"elementor-icon-list-item\">\n\t\t\t\t\t\t\t\t\t\t\t<a href=\"https:\/\/e-mail.seb-admin.com\/infolettre-de-la-seb-gardez-une-longueur-davance-sur-les-tendances-en-mati%C3%A8re-davantages-sociaux-et-les-nouveaut%C3%A9s-de-lindustrie?utm_campaign=Newsletter%20-%20Quarterly&#038;utm_source=hs_email&#038;utm_medium=email&#038;_hsenc=p2ANqtz-9ZHXIs9gc4IgQN1T4CY4X4yvO-pNxYHEKQ2lcpb4kEoFi7n0RMlhfeR-dnB5GQyUPuRyiI\" target=\"_blank\">\n\n\t\t\t\t\t\t\t\t\t\t\t\t<span class=\"elementor-icon-list-icon\">\n\t\t\t\t\t\t\t<i aria-hidden=\"true\" class=\"  a-icon-file-alt2\"><\/i>\t\t\t\t\t\t<\/span>\n\t\t\t\t\t\t\t\t\t\t<span class=\"elementor-icon-list-text\">Bulletin des avantages sociaux - novembre 2025<\/span>\n\t\t\t\t\t\t\t\t\t\t\t<\/a>\n\t\t\t\t\t\t\t\t\t<\/li>\n\t\t\t\t\t\t<\/ul>\n\t\t\t\t\t\t<\/div>\n\t\t\t\t<\/div>\n\t\t\r\n\t\t\t<\/div>\r\n\t\t\t\t\t\t<\/details>\n\t\t\t\t\t<\/div>\n\t\t\t\t\t\t<\/div>\n\t\t\t\t<\/div>\n\t\t\r\n\t\t\t<\/div>\r\n\t\t\t\t\t\t\t<\/div>\r\n\t\t\t\t\r\n\t\t\t<\/div>\r\n\t\t\t\t\t\t<div class=\" elementor-element elementor-element-54b2d8a e-con-full e-flex e-con e-parent\" data-id=\"54b2d8a\" data-element_type=\"container\">\r\n\t\t\t\t\t\t<div class=\" elementor-element elementor-element-563ee14 e-con-full e-flex e-con e-child\" data-id=\"563ee14\" data-element_type=\"container\" data-settings=\"{&quot;background_background&quot;:&quot;classic&quot;}\">\r\n\t\t\t\t\t<div class=\"elementor-element elementor-element-89e7a95 elementor-widget elementor-widget-udesign_widget_heading\" data-id=\"89e7a95\" data-element_type=\"widget\" data-widget_type=\"udesign_widget_heading.default\">\n\t\t\t\t<div class=\"elementor-widget-container\">\n\t\t\t\t\t<div class=\"title-wrapper  title-underline title-underline2 title-center\"><h2 class=\"title elementor-heading-title\">Faisons passer votre entreprise au niveau sup\u00e9rieur!<\/h2><\/div>\t\t\t\t<\/div>\n\t\t\t\t<\/div>\n\t\t\t\t<div class=\"elementor-element elementor-element-399e5fc elementor-widget__width-initial elementor-widget-tablet_extra__width-initial elementor-widget elementor-widget-heading\" data-id=\"399e5fc\" data-element_type=\"widget\" data-widget_type=\"heading.default\">\n\t\t\t\t<div class=\"elementor-widget-container\">\n\t\t\t\t\t<p class=\"elementor-heading-title elementor-size-default\">SEB Admin est une entreprise bien \u00e9tablie de prestations et de technologie. Venez travailler avec notre \u00e9quipe dynamique! <\/p>\t\t\t\t<\/div>\n\t\t\t\t<\/div>\n\t\t\t\t<div class=\"elementor-element elementor-element-0fca2f7 elementor-widget elementor-widget-udesign_widget_button\" data-id=\"0fca2f7\" data-element_type=\"widget\" data-widget_type=\"udesign_widget_button.default\">\n\t\t\t\t<div class=\"elementor-widget-container\">\n\t\t\t\t\t<a class=\"btn btn-outline btn-lg btn-rounded btn-primary btn-icon btn-icon-right\" href=\"https:\/\/seb-admin.com\/fr-ca\/contactez-nous\/\" ><span >Connectons-nous<\/span><i class=\"a-icon-long-arrow-right\"><\/i><\/a>\t\t\t\t<\/div>\n\t\t\t\t<\/div>\n\t\t\r\n\t\t\t<\/div>\r\n\t\t\t\r\n\t\t\t<\/div>\r\n\t\t\t\t\t<\/div>\n\t\t","protected":false},"excerpt":{"rendered":"<p>Bulletin des avantages sociaux\u2013 f\u00e9vrier 2026 Bienvenue dans l&rsquo;\u00e9dition hivernale de la newsletter Smart Benefits ! Restez inform\u00e9 des derni\u00e8res actualit\u00e9s de SEB, des avis d&rsquo;experts sur les avantages sociaux et d&rsquo;un tour d&rsquo;horizon des d\u00e9veloppements r\u00e9cents du secteur, le tout en un seul endroit. Bulletins pr\u00e9c\u00e9dents 2025 Bulletin des avantages sociaux &#8211; novembre 2025 [&hellip;]<\/p>\n","protected":false},"author":1,"featured_media":0,"parent":0,"menu_order":0,"comment_status":"closed","ping_status":"closed","template":"elementor_header_footer","meta":{"footnotes":""},"class_list":["post-31299","page","type-page","status-publish","hentry"],"yoast_head":"<!-- This site is optimized with the Yoast SEO plugin v26.4 - https:\/\/yoast.com\/wordpress\/plugins\/seo\/ -->\n<title>Bulletin des avantages sociaux - SEB<\/title>\n<meta name=\"robots\" content=\"index, follow, max-snippet:-1, max-image-preview:large, max-video-preview:-1\" \/>\n<link rel=\"canonical\" href=\"https:\/\/seb-admin.com\/benefits-newsletters\/\" \/>\n<meta property=\"og:locale\" content=\"fr_CA\" \/>\n<meta property=\"og:type\" content=\"article\" \/>\n<meta property=\"og:title\" content=\"Bulletin des avantages sociaux - SEB\" \/>\n<meta property=\"og:description\" content=\"Bulletin des avantages sociaux\u2013 f\u00e9vrier 2026 Bienvenue dans l&rsquo;\u00e9dition hivernale de la newsletter Smart Benefits ! Restez inform\u00e9 des derni\u00e8res actualit\u00e9s de SEB, des avis d&rsquo;experts sur les avantages sociaux et d&rsquo;un tour d&rsquo;horizon des d\u00e9veloppements r\u00e9cents du secteur, le tout en un seul endroit. Bulletins pr\u00e9c\u00e9dents 2025 Bulletin des avantages sociaux &#8211; novembre 2025 [&hellip;]\" \/>\n<meta property=\"og:url\" content=\"https:\/\/seb-admin.com\/benefits-newsletters\/\" \/>\n<meta property=\"og:site_name\" content=\"SEB\" \/>\n<meta property=\"article:modified_time\" content=\"2026-02-26T18:51:11+00:00\" \/>\n<meta property=\"og:image\" content=\"https:\/\/seb-admin.com\/wp-content\/uploads\/2026\/02\/SEB-Newsletter-August-2025-FR.jpg\" \/>\n\t<meta property=\"og:image:width\" content=\"973\" \/>\n\t<meta property=\"og:image:height\" content=\"1163\" \/>\n\t<meta property=\"og:image:type\" content=\"image\/jpeg\" \/>\n<meta name=\"twitter:card\" content=\"summary_large_image\" \/>\n<meta name=\"twitter:label1\" content=\"Estimation du temps de lecture\" \/>\n\t<meta name=\"twitter:data1\" content=\"1 minute\" \/>\n<script type=\"application\/ld+json\" class=\"yoast-schema-graph\">{\"@context\":\"https:\/\/schema.org\",\"@graph\":[{\"@type\":\"WebPage\",\"@id\":\"https:\/\/seb-admin.com\/benefits-newsletters\/\",\"url\":\"https:\/\/seb-admin.com\/benefits-newsletters\/\",\"name\":\"Bulletin des avantages sociaux - SEB\",\"isPartOf\":{\"@id\":\"https:\/\/seb-admin.com\/#website\"},\"primaryImageOfPage\":{\"@id\":\"https:\/\/seb-admin.com\/benefits-newsletters\/#primaryimage\"},\"image\":{\"@id\":\"https:\/\/seb-admin.com\/benefits-newsletters\/#primaryimage\"},\"thumbnailUrl\":\"https:\/\/seb-admin.com\/wp-content\/uploads\/2026\/02\/SEB-Newsletter-August-2025-FR-857x1024.jpg\",\"datePublished\":\"2026-02-26T18:00:42+00:00\",\"dateModified\":\"2026-02-26T18:51:11+00:00\",\"breadcrumb\":{\"@id\":\"https:\/\/seb-admin.com\/benefits-newsletters\/#breadcrumb\"},\"inLanguage\":\"fr-CA\",\"potentialAction\":[{\"@type\":\"ReadAction\",\"target\":[\"https:\/\/seb-admin.com\/benefits-newsletters\/\"]}]},{\"@type\":\"ImageObject\",\"inLanguage\":\"fr-CA\",\"@id\":\"https:\/\/seb-admin.com\/benefits-newsletters\/#primaryimage\",\"url\":\"https:\/\/seb-admin.com\/wp-content\/uploads\/2026\/02\/SEB-Newsletter-August-2025-FR-857x1024.jpg\",\"contentUrl\":\"https:\/\/seb-admin.com\/wp-content\/uploads\/2026\/02\/SEB-Newsletter-August-2025-FR-857x1024.jpg\"},{\"@type\":\"BreadcrumbList\",\"@id\":\"https:\/\/seb-admin.com\/benefits-newsletters\/#breadcrumb\",\"itemListElement\":[{\"@type\":\"ListItem\",\"position\":1,\"name\":\"Home\",\"item\":\"https:\/\/seb-admin.com\/fr-ca\/accueil\/\"},{\"@type\":\"ListItem\",\"position\":2,\"name\":\"Bulletin des avantages sociaux\"}]},{\"@type\":\"WebSite\",\"@id\":\"https:\/\/seb-admin.com\/#website\",\"url\":\"https:\/\/seb-admin.com\/\",\"name\":\"SEB\",\"description\":\"\",\"publisher\":{\"@id\":\"https:\/\/seb-admin.com\/#organization\"},\"potentialAction\":[{\"@type\":\"SearchAction\",\"target\":{\"@type\":\"EntryPoint\",\"urlTemplate\":\"https:\/\/seb-admin.com\/?s={search_term_string}\"},\"query-input\":{\"@type\":\"PropertyValueSpecification\",\"valueRequired\":true,\"valueName\":\"search_term_string\"}}],\"inLanguage\":\"fr-CA\"},{\"@type\":\"Organization\",\"@id\":\"https:\/\/seb-admin.com\/#organization\",\"name\":\"SEB\",\"url\":\"https:\/\/seb-admin.com\/\",\"logo\":{\"@type\":\"ImageObject\",\"inLanguage\":\"fr-CA\",\"@id\":\"https:\/\/seb-admin.com\/#\/schema\/logo\/image\/\",\"url\":\"https:\/\/seb-admin.com\/wp-content\/uploads\/2025\/07\/SEB-Reverse-Logo.png\",\"contentUrl\":\"https:\/\/seb-admin.com\/wp-content\/uploads\/2025\/07\/SEB-Reverse-Logo.png\",\"width\":1923,\"height\":580,\"caption\":\"SEB\"},\"image\":{\"@id\":\"https:\/\/seb-admin.com\/#\/schema\/logo\/image\/\"},\"sameAs\":[\"https:\/\/www.linkedin.com\/company\/10899019\/admin\/\"]}]}<\/script>\n<!-- \/ Yoast SEO plugin. -->","yoast_head_json":{"title":"Bulletin des avantages sociaux - SEB","robots":{"index":"index","follow":"follow","max-snippet":"max-snippet:-1","max-image-preview":"max-image-preview:large","max-video-preview":"max-video-preview:-1"},"canonical":"https:\/\/seb-admin.com\/benefits-newsletters\/","og_locale":"fr_CA","og_type":"article","og_title":"Bulletin des avantages sociaux - SEB","og_description":"Bulletin des avantages sociaux\u2013 f\u00e9vrier 2026 Bienvenue dans l&rsquo;\u00e9dition hivernale de la newsletter Smart Benefits ! Restez inform\u00e9 des derni\u00e8res actualit\u00e9s de SEB, des avis d&rsquo;experts sur les avantages sociaux et d&rsquo;un tour d&rsquo;horizon des d\u00e9veloppements r\u00e9cents du secteur, le tout en un seul endroit. Bulletins pr\u00e9c\u00e9dents 2025 Bulletin des avantages sociaux &#8211; novembre 2025 [&hellip;]","og_url":"https:\/\/seb-admin.com\/benefits-newsletters\/","og_site_name":"SEB","article_modified_time":"2026-02-26T18:51:11+00:00","og_image":[{"width":973,"height":1163,"url":"https:\/\/seb-admin.com\/wp-content\/uploads\/2026\/02\/SEB-Newsletter-August-2025-FR.jpg","type":"image\/jpeg"}],"twitter_card":"summary_large_image","twitter_misc":{"Estimation du temps de lecture":"1 minute"},"schema":{"@context":"https:\/\/schema.org","@graph":[{"@type":"WebPage","@id":"https:\/\/seb-admin.com\/benefits-newsletters\/","url":"https:\/\/seb-admin.com\/benefits-newsletters\/","name":"Bulletin des avantages sociaux - SEB","isPartOf":{"@id":"https:\/\/seb-admin.com\/#website"},"primaryImageOfPage":{"@id":"https:\/\/seb-admin.com\/benefits-newsletters\/#primaryimage"},"image":{"@id":"https:\/\/seb-admin.com\/benefits-newsletters\/#primaryimage"},"thumbnailUrl":"https:\/\/seb-admin.com\/wp-content\/uploads\/2026\/02\/SEB-Newsletter-August-2025-FR-857x1024.jpg","datePublished":"2026-02-26T18:00:42+00:00","dateModified":"2026-02-26T18:51:11+00:00","breadcrumb":{"@id":"https:\/\/seb-admin.com\/benefits-newsletters\/#breadcrumb"},"inLanguage":"fr-CA","potentialAction":[{"@type":"ReadAction","target":["https:\/\/seb-admin.com\/benefits-newsletters\/"]}]},{"@type":"ImageObject","inLanguage":"fr-CA","@id":"https:\/\/seb-admin.com\/benefits-newsletters\/#primaryimage","url":"https:\/\/seb-admin.com\/wp-content\/uploads\/2026\/02\/SEB-Newsletter-August-2025-FR-857x1024.jpg","contentUrl":"https:\/\/seb-admin.com\/wp-content\/uploads\/2026\/02\/SEB-Newsletter-August-2025-FR-857x1024.jpg"},{"@type":"BreadcrumbList","@id":"https:\/\/seb-admin.com\/benefits-newsletters\/#breadcrumb","itemListElement":[{"@type":"ListItem","position":1,"name":"Home","item":"https:\/\/seb-admin.com\/fr-ca\/accueil\/"},{"@type":"ListItem","position":2,"name":"Bulletin des avantages sociaux"}]},{"@type":"WebSite","@id":"https:\/\/seb-admin.com\/#website","url":"https:\/\/seb-admin.com\/","name":"SEB","description":"","publisher":{"@id":"https:\/\/seb-admin.com\/#organization"},"potentialAction":[{"@type":"SearchAction","target":{"@type":"EntryPoint","urlTemplate":"https:\/\/seb-admin.com\/?s={search_term_string}"},"query-input":{"@type":"PropertyValueSpecification","valueRequired":true,"valueName":"search_term_string"}}],"inLanguage":"fr-CA"},{"@type":"Organization","@id":"https:\/\/seb-admin.com\/#organization","name":"SEB","url":"https:\/\/seb-admin.com\/","logo":{"@type":"ImageObject","inLanguage":"fr-CA","@id":"https:\/\/seb-admin.com\/#\/schema\/logo\/image\/","url":"https:\/\/seb-admin.com\/wp-content\/uploads\/2025\/07\/SEB-Reverse-Logo.png","contentUrl":"https:\/\/seb-admin.com\/wp-content\/uploads\/2025\/07\/SEB-Reverse-Logo.png","width":1923,"height":580,"caption":"SEB"},"image":{"@id":"https:\/\/seb-admin.com\/#\/schema\/logo\/image\/"},"sameAs":["https:\/\/www.linkedin.com\/company\/10899019\/admin\/"]}]}},"jetpack_sharing_enabled":true,"_links":{"self":[{"href":"https:\/\/seb-admin.com\/fr-ca\/wp-json\/wp\/v2\/pages\/31299","targetHints":{"allow":["GET"]}}],"collection":[{"href":"https:\/\/seb-admin.com\/fr-ca\/wp-json\/wp\/v2\/pages"}],"about":[{"href":"https:\/\/seb-admin.com\/fr-ca\/wp-json\/wp\/v2\/types\/page"}],"author":[{"embeddable":true,"href":"https:\/\/seb-admin.com\/fr-ca\/wp-json\/wp\/v2\/users\/1"}],"replies":[{"embeddable":true,"href":"https:\/\/seb-admin.com\/fr-ca\/wp-json\/wp\/v2\/comments?post=31299"}],"version-history":[{"count":20,"href":"https:\/\/seb-admin.com\/fr-ca\/wp-json\/wp\/v2\/pages\/31299\/revisions"}],"predecessor-version":[{"id":31336,"href":"https:\/\/seb-admin.com\/fr-ca\/wp-json\/wp\/v2\/pages\/31299\/revisions\/31336"}],"wp:attachment":[{"href":"https:\/\/seb-admin.com\/fr-ca\/wp-json\/wp\/v2\/media?parent=31299"}],"curies":[{"name":"wp","href":"https:\/\/api.w.org\/{rel}","templated":true}]}}