{"id":26014,"date":"2025-08-24T18:36:17","date_gmt":"2025-08-24T18:36:17","guid":{"rendered":"https:\/\/seb-admin.com\/livres-blancs\/"},"modified":"2025-11-12T18:49:15","modified_gmt":"2025-11-12T18:49:15","slug":"livres-blancs","status":"publish","type":"page","link":"https:\/\/seb-admin.com\/fr-ca\/livres-blancs\/","title":{"rendered":"Livres blancs"},"content":{"rendered":"\t\t<div data-elementor-type=\"wp-page\" data-elementor-id=\"26014\" class=\"elementor elementor-26014 elementor-24588\" data-elementor-post-type=\"page\">\n\t\t\t\t\t\t\t<div class=\" elementor-element elementor-element-b1cffe5 e-con-full e-flex e-con e-parent\" data-stretch=\"full\" data-stretch-width=\"0\" data-id=\"b1cffe5\" data-element_type=\"container\" data-settings=\"{&quot;background_background&quot;:&quot;classic&quot;}\">\r\n\t\t\t\t\t\t<div class=\" elementor-element elementor-element-8aaca01 e-flex e-con-boxed e-con e-child\" data-id=\"8aaca01\" data-element_type=\"container\">\r\n\t\t\t\t\t\t\t<div class=\"e-con-inner\">\r\n\t\t\t\t\t\t\t<div class=\" elementor-element elementor-element-90f415a e-con-full e-flex e-con e-child\" data-id=\"90f415a\" data-element_type=\"container\">\r\n\t\t\t\t\t<div class=\"elementor-element elementor-element-32d3c42 elementor-widget elementor-widget-image\" data-id=\"32d3c42\" data-element_type=\"widget\" data-widget_type=\"image.default\">\n\t\t\t\t<div class=\"elementor-widget-container\">\n\t\t\t\t\t\t\t\t\t\t\t\t\t\t\t<img fetchpriority=\"high\" decoding=\"async\" width=\"824\" height=\"1024\" src=\"https:\/\/seb-admin.com\/wp-content\/uploads\/2025\/08\/Future-proofing.jpg\" class=\"attachment-large size-large wp-image-24599\" alt=\"\" \/>\t\t\t\t\t\t\t\t\t\t\t\t\t\t\t<\/div>\n\t\t\t\t<\/div>\n\t\t\r\n\t\t\t<\/div>\r\n\t\t\t\t\t\t<div class=\" elementor-element elementor-element-e4fd21d e-con-full ms-md-0 ms-sm-2 me-md-0 me-sm-2 e-flex elementor-invisible e-con e-child\" data-id=\"e4fd21d\" data-element_type=\"container\" data-settings=\"{&quot;animation&quot;:&quot;fadeIn&quot;,&quot;animation_delay&quot;:300}\">\r\n\t\t\t\t\t<div class=\"elementor-element elementor-element-7d618a0 elementor-widget elementor-widget-udesign_widget_heading\" data-id=\"7d618a0\" data-element_type=\"widget\" data-widget_type=\"udesign_widget_heading.default\">\n\t\t\t\t<div class=\"elementor-widget-container\">\n\t\t\t\t\t<div class=\"title-wrapper  title-underline title-underline2 title-left\"><h2 class=\"title elementor-heading-title\">NAVIGUER L\u2019\u00c9VOLUTION CRITIQUE DE L\u2019ADMINISTRATION DES AVANTAGES SOCIAUX<\/h2><\/div>\t\t\t\t<\/div>\n\t\t\t\t<\/div>\n\t\t\t\t<div class=\"elementor-element elementor-element-a6222b1 elementor-widget elementor-widget-heading\" data-id=\"a6222b1\" data-element_type=\"widget\" data-widget_type=\"heading.default\">\n\t\t\t\t<div class=\"elementor-widget-container\">\n\t\t\t\t\t<p class=\"elementor-heading-title elementor-size-default\">Mohamad El Chayah, Pr\u00e9sident et chef de la direction | Marie O\u2019Bonsawin, VP Produits et solution<\/p>\t\t\t\t<\/div>\n\t\t\t\t<\/div>\n\t\t\t\t<div class=\"elementor-element elementor-element-6e3af36 elementor-widget elementor-widget-text-editor\" data-id=\"6e3af36\" data-element_type=\"widget\" data-widget_type=\"text-editor.default\">\n\t\t\t\t<div class=\"elementor-widget-container\">\n\t\t\t\t\t\t\t\t\t<p>Les avantages sociaux des employ\u00e9s sont un investissement essentiel pour les entreprises, ainsi qu\u2019un outil puissant pour attirer et retenir les meilleurs talents. Les plateformes d\u2019avantages sociaux d\u00e9su\u00e8tes nuisent \u00e0 la mobilisation, \u00e0 la comp\u00e9titivit\u00e9 et \u00e0 l\u2019efficacit\u00e9 op\u00e9rationnelle. La pr\u00e9paration pour l\u2019avenir repr\u00e9sente une excellente solution \u00e0 ces d\u00e9fis, car elle assure des \u00e9conomies de co\u00fbts \u00e0 long terme, ainsi que l\u2019\u00e9volutivit\u00e9 et l\u2019adaptabilit\u00e9 aux technologies en constante \u00e9volution.<\/p><p>T\u00e9l\u00e9chargez le <strong><a style=\"color: #000000; text-decoration: underline;\" href=\"https:\/\/seb-admin.com\/wp-content\/uploads\/2025\/11\/future-proof-V6-FR-1.pdf\" target=\"_blank\" rel=\"noopener\">livre blanc<\/a><\/strong> de SEB qui d\u00e9crit le chemin critique vers une pr\u00e9paration pour l\u2019avenir r\u00e9ussie. Vous en apprendrez davantage sur :<\/p>\t\t\t\t\t\t\t\t<\/div>\n\t\t\t\t<\/div>\n\t\t\t\t<div class=\"elementor-element elementor-element-9b351c2 elementor-icon-list--layout-traditional elementor-list-item-link-full_width elementor-widget elementor-widget-icon-list\" data-id=\"9b351c2\" data-element_type=\"widget\" data-widget_type=\"icon-list.default\">\n\t\t\t\t<div class=\"elementor-widget-container\">\n\t\t\t\t\t\t\t<ul class=\"elementor-icon-list-items\">\n\t\t\t\t\t\t\t<li class=\"elementor-icon-list-item\">\n\t\t\t\t\t\t\t\t\t\t\t<span class=\"elementor-icon-list-icon\">\n\t\t\t\t\t\t\t<svg aria-hidden=\"true\" class=\"e-font-icon-svg e-fas-arrow-right\" viewBox=\"0 0 448 512\" xmlns=\"http:\/\/www.w3.org\/2000\/svg\"><path d=\"M190.5 66.9l22.2-22.2c9.4-9.4 24.6-9.4 33.9 0L441 239c9.4 9.4 9.4 24.6 0 33.9L246.6 467.3c-9.4 9.4-24.6 9.4-33.9 0l-22.2-22.2c-9.5-9.5-9.3-25 .4-34.3L311.4 296H24c-13.3 0-24-10.7-24-24v-32c0-13.3 10.7-24 24-24h287.4L190.9 101.2c-9.8-9.3-10-24.8-.4-34.3z\"><\/path><\/svg>\t\t\t\t\t\t<\/span>\n\t\t\t\t\t\t\t\t\t\t<span class=\"elementor-icon-list-text\">Les d\u00e9fis des syst\u00e8mes h\u00e9rit\u00e9s et leur impact sur les promoteurs de r\u00e9gime et sur la mobilisation des employ\u00e9s.<\/span>\n\t\t\t\t\t\t\t\t\t<\/li>\n\t\t\t\t\t\t\t\t<li class=\"elementor-icon-list-item\">\n\t\t\t\t\t\t\t\t\t\t\t<span class=\"elementor-icon-list-icon\">\n\t\t\t\t\t\t\t<svg aria-hidden=\"true\" class=\"e-font-icon-svg e-fas-arrow-right\" viewBox=\"0 0 448 512\" xmlns=\"http:\/\/www.w3.org\/2000\/svg\"><path d=\"M190.5 66.9l22.2-22.2c9.4-9.4 24.6-9.4 33.9 0L441 239c9.4 9.4 9.4 24.6 0 33.9L246.6 467.3c-9.4 9.4-24.6 9.4-33.9 0l-22.2-22.2c-9.5-9.5-9.3-25 .4-34.3L311.4 296H24c-13.3 0-24-10.7-24-24v-32c0-13.3 10.7-24 24-24h287.4L190.9 101.2c-9.8-9.3-10-24.8-.4-34.3z\"><\/path><\/svg>\t\t\t\t\t\t<\/span>\n\t\t\t\t\t\t\t\t\t\t<span class=\"elementor-icon-list-text\">Pourquoi la modernisation sans pr\u00e9paration pour l\u2019avenir comporte des risques potentiels.<\/span>\n\t\t\t\t\t\t\t\t\t<\/li>\n\t\t\t\t\t\t\t\t<li class=\"elementor-icon-list-item\">\n\t\t\t\t\t\t\t\t\t\t\t<span class=\"elementor-icon-list-icon\">\n\t\t\t\t\t\t\t<svg aria-hidden=\"true\" class=\"e-font-icon-svg e-fas-arrow-right\" viewBox=\"0 0 448 512\" xmlns=\"http:\/\/www.w3.org\/2000\/svg\"><path d=\"M190.5 66.9l22.2-22.2c9.4-9.4 24.6-9.4 33.9 0L441 239c9.4 9.4 9.4 24.6 0 33.9L246.6 467.3c-9.4 9.4-24.6 9.4-33.9 0l-22.2-22.2c-9.5-9.5-9.3-25 .4-34.3L311.4 296H24c-13.3 0-24-10.7-24-24v-32c0-13.3 10.7-24 24-24h287.4L190.9 101.2c-9.8-9.3-10-24.8-.4-34.3z\"><\/path><\/svg>\t\t\t\t\t\t<\/span>\n\t\t\t\t\t\t\t\t\t\t<span class=\"elementor-icon-list-text\">Les technologies de pointe qui ont un impact sur l\u2019industrie des avantages sociaux aujourd\u2019hui.<\/span>\n\t\t\t\t\t\t\t\t\t<\/li>\n\t\t\t\t\t\t\t\t<li class=\"elementor-icon-list-item\">\n\t\t\t\t\t\t\t\t\t\t\t<span class=\"elementor-icon-list-icon\">\n\t\t\t\t\t\t\t<svg aria-hidden=\"true\" class=\"e-font-icon-svg e-fas-arrow-right\" viewBox=\"0 0 448 512\" xmlns=\"http:\/\/www.w3.org\/2000\/svg\"><path d=\"M190.5 66.9l22.2-22.2c9.4-9.4 24.6-9.4 33.9 0L441 239c9.4 9.4 9.4 24.6 0 33.9L246.6 467.3c-9.4 9.4-24.6 9.4-33.9 0l-22.2-22.2c-9.5-9.5-9.3-25 .4-34.3L311.4 296H24c-13.3 0-24-10.7-24-24v-32c0-13.3 10.7-24 24-24h287.4L190.9 101.2c-9.8-9.3-10-24.8-.4-34.3z\"><\/path><\/svg>\t\t\t\t\t\t<\/span>\n\t\t\t\t\t\t\t\t\t\t<span class=\"elementor-icon-list-text\">Comment s\u2019assurer que vos plateformes d\u2019avantages sociaux restent adaptables et pertinentes pour de nombreuses ann\u00e9es \u00e0 venir.<\/span>\n\t\t\t\t\t\t\t\t\t<\/li>\n\t\t\t\t\t\t<\/ul>\n\t\t\t\t\t\t<\/div>\n\t\t\t\t<\/div>\n\t\t\t\t<div class=\"elementor-element elementor-element-84eaccc elementor-widget elementor-widget-text-editor\" data-id=\"84eaccc\" data-element_type=\"widget\" data-widget_type=\"text-editor.default\">\n\t\t\t\t<div class=\"elementor-widget-container\">\n\t\t\t\t\t\t\t\t\t<p>N\u2019attendez pas! Faites le premier pas vers la pr\u00e9paration pour l\u2019avenir de votre plateforme d\u2019administration des avantages sociaux.<\/p>\t\t\t\t\t\t\t\t<\/div>\n\t\t\t\t<\/div>\n\t\t\r\n\t\t\t<\/div>\r\n\t\t\t\t\t\t\t<\/div>\r\n\t\t\t\t\r\n\t\t\t<\/div>\r\n\t\t\t\r\n\t\t\t<\/div>\r\n\t\t\t\t\t\t<div class=\" elementor-element elementor-element-54b2d8a e-con-full e-flex e-con e-parent\" data-id=\"54b2d8a\" data-element_type=\"container\">\r\n\t\t\t\t\t\t<div class=\" elementor-element elementor-element-563ee14 e-con-full e-flex e-con e-child\" data-id=\"563ee14\" data-element_type=\"container\" data-settings=\"{&quot;background_background&quot;:&quot;classic&quot;}\">\r\n\t\t\t\t\t<div class=\"elementor-element elementor-element-89e7a95 elementor-widget elementor-widget-udesign_widget_heading\" data-id=\"89e7a95\" data-element_type=\"widget\" data-widget_type=\"udesign_widget_heading.default\">\n\t\t\t\t<div class=\"elementor-widget-container\">\n\t\t\t\t\t<div class=\"title-wrapper  title-underline title-underline2 title-center\"><h2 class=\"title elementor-heading-title\">Faisons passer votre entreprise au niveau sup\u00e9rieur!<\/h2><\/div>\t\t\t\t<\/div>\n\t\t\t\t<\/div>\n\t\t\t\t<div class=\"elementor-element elementor-element-399e5fc elementor-widget__width-initial elementor-widget-tablet_extra__width-initial elementor-widget elementor-widget-heading\" data-id=\"399e5fc\" data-element_type=\"widget\" data-widget_type=\"heading.default\">\n\t\t\t\t<div class=\"elementor-widget-container\">\n\t\t\t\t\t<p class=\"elementor-heading-title elementor-size-default\">SEB Admin est une entreprise bien \u00e9tablie de prestations et de technologie. Venez travailler avec notre \u00e9quipe dynamique! <\/p>\t\t\t\t<\/div>\n\t\t\t\t<\/div>\n\t\t\t\t<div class=\"elementor-element elementor-element-0fca2f7 elementor-widget elementor-widget-udesign_widget_button\" data-id=\"0fca2f7\" data-element_type=\"widget\" data-widget_type=\"udesign_widget_button.default\">\n\t\t\t\t<div class=\"elementor-widget-container\">\n\t\t\t\t\t<a class=\"btn btn-outline btn-lg btn-rounded btn-primary btn-icon btn-icon-right\" href=\"https:\/\/seb-admin.com\/fr-ca\/contactez-nous\/\" ><span >Connectons-nous<\/span><i class=\"a-icon-long-arrow-right\"><\/i><\/a>\t\t\t\t<\/div>\n\t\t\t\t<\/div>\n\t\t\r\n\t\t\t<\/div>\r\n\t\t\t\r\n\t\t\t<\/div>\r\n\t\t\t\t\t<\/div>\n\t\t","protected":false},"excerpt":{"rendered":"<p>NAVIGUER L\u2019\u00c9VOLUTION CRITIQUE DE L\u2019ADMINISTRATION DES AVANTAGES SOCIAUX Mohamad El Chayah, Pr\u00e9sident et chef de la direction | Marie O\u2019Bonsawin, VP Produits et solution Les avantages sociaux des employ\u00e9s sont un investissement essentiel pour les entreprises, ainsi qu\u2019un outil puissant pour attirer et retenir les meilleurs talents. Les plateformes d\u2019avantages sociaux d\u00e9su\u00e8tes nuisent \u00e0 la [&hellip;]<\/p>\n","protected":false},"author":1,"featured_media":0,"parent":0,"menu_order":0,"comment_status":"closed","ping_status":"closed","template":"elementor_header_footer","meta":{"footnotes":""},"class_list":["post-26014","page","type-page","status-publish","hentry"],"yoast_head":"<!-- This site is optimized with the Yoast SEO plugin v26.4 - https:\/\/yoast.com\/wordpress\/plugins\/seo\/ -->\n<title>Livres blancs - SEB<\/title>\n<meta name=\"robots\" content=\"index, follow, max-snippet:-1, max-image-preview:large, max-video-preview:-1\" \/>\n<link rel=\"canonical\" href=\"https:\/\/seb-admin.com\/fr-ca\/livres-blancs\/\" \/>\n<meta property=\"og:locale\" content=\"fr_CA\" \/>\n<meta property=\"og:type\" content=\"article\" \/>\n<meta property=\"og:title\" content=\"Livres blancs - SEB\" \/>\n<meta property=\"og:description\" content=\"NAVIGUER L\u2019\u00c9VOLUTION CRITIQUE DE L\u2019ADMINISTRATION DES AVANTAGES SOCIAUX Mohamad El Chayah, Pr\u00e9sident et chef de la direction | Marie O\u2019Bonsawin, VP Produits et solution Les avantages sociaux des employ\u00e9s sont un investissement essentiel pour les entreprises, ainsi qu\u2019un outil puissant pour attirer et retenir les meilleurs talents. Les plateformes d\u2019avantages sociaux d\u00e9su\u00e8tes nuisent \u00e0 la [&hellip;]\" \/>\n<meta property=\"og:url\" content=\"https:\/\/seb-admin.com\/fr-ca\/livres-blancs\/\" \/>\n<meta property=\"og:site_name\" content=\"SEB\" \/>\n<meta property=\"article:modified_time\" content=\"2025-11-12T18:49:15+00:00\" \/>\n<meta property=\"og:image\" content=\"https:\/\/seb-admin.com\/wp-content\/uploads\/2025\/08\/Future-proofing.jpg\" \/>\n\t<meta property=\"og:image:width\" content=\"1045\" \/>\n\t<meta property=\"og:image:height\" content=\"1299\" \/>\n\t<meta property=\"og:image:type\" content=\"image\/jpeg\" \/>\n<meta name=\"twitter:card\" content=\"summary_large_image\" \/>\n<meta name=\"twitter:label1\" content=\"Estimation du temps de lecture\" \/>\n\t<meta name=\"twitter:data1\" content=\"1 minute\" \/>\n<script type=\"application\/ld+json\" class=\"yoast-schema-graph\">{\"@context\":\"https:\/\/schema.org\",\"@graph\":[{\"@type\":\"WebPage\",\"@id\":\"https:\/\/seb-admin.com\/fr-ca\/livres-blancs\/\",\"url\":\"https:\/\/seb-admin.com\/fr-ca\/livres-blancs\/\",\"name\":\"Livres blancs - SEB\",\"isPartOf\":{\"@id\":\"https:\/\/seb-admin.com\/#website\"},\"primaryImageOfPage\":{\"@id\":\"https:\/\/seb-admin.com\/fr-ca\/livres-blancs\/#primaryimage\"},\"image\":{\"@id\":\"https:\/\/seb-admin.com\/fr-ca\/livres-blancs\/#primaryimage\"},\"thumbnailUrl\":\"https:\/\/seb-admin.com\/wp-content\/uploads\/2025\/08\/Future-proofing.jpg\",\"datePublished\":\"2025-08-24T18:36:17+00:00\",\"dateModified\":\"2025-11-12T18:49:15+00:00\",\"breadcrumb\":{\"@id\":\"https:\/\/seb-admin.com\/fr-ca\/livres-blancs\/#breadcrumb\"},\"inLanguage\":\"fr-CA\",\"potentialAction\":[{\"@type\":\"ReadAction\",\"target\":[\"https:\/\/seb-admin.com\/fr-ca\/livres-blancs\/\"]}]},{\"@type\":\"ImageObject\",\"inLanguage\":\"fr-CA\",\"@id\":\"https:\/\/seb-admin.com\/fr-ca\/livres-blancs\/#primaryimage\",\"url\":\"https:\/\/seb-admin.com\/wp-content\/uploads\/2025\/08\/Future-proofing.jpg\",\"contentUrl\":\"https:\/\/seb-admin.com\/wp-content\/uploads\/2025\/08\/Future-proofing.jpg\"},{\"@type\":\"BreadcrumbList\",\"@id\":\"https:\/\/seb-admin.com\/fr-ca\/livres-blancs\/#breadcrumb\",\"itemListElement\":[{\"@type\":\"ListItem\",\"position\":1,\"name\":\"Home\",\"item\":\"https:\/\/seb-admin.com\/fr-ca\/accueil\/\"},{\"@type\":\"ListItem\",\"position\":2,\"name\":\"Livres blancs\"}]},{\"@type\":\"WebSite\",\"@id\":\"https:\/\/seb-admin.com\/#website\",\"url\":\"https:\/\/seb-admin.com\/\",\"name\":\"SEB\",\"description\":\"\",\"publisher\":{\"@id\":\"https:\/\/seb-admin.com\/#organization\"},\"potentialAction\":[{\"@type\":\"SearchAction\",\"target\":{\"@type\":\"EntryPoint\",\"urlTemplate\":\"https:\/\/seb-admin.com\/?s={search_term_string}\"},\"query-input\":{\"@type\":\"PropertyValueSpecification\",\"valueRequired\":true,\"valueName\":\"search_term_string\"}}],\"inLanguage\":\"fr-CA\"},{\"@type\":\"Organization\",\"@id\":\"https:\/\/seb-admin.com\/#organization\",\"name\":\"SEB\",\"url\":\"https:\/\/seb-admin.com\/\",\"logo\":{\"@type\":\"ImageObject\",\"inLanguage\":\"fr-CA\",\"@id\":\"https:\/\/seb-admin.com\/#\/schema\/logo\/image\/\",\"url\":\"https:\/\/seb-admin.com\/wp-content\/uploads\/2025\/07\/SEB-Reverse-Logo.png\",\"contentUrl\":\"https:\/\/seb-admin.com\/wp-content\/uploads\/2025\/07\/SEB-Reverse-Logo.png\",\"width\":1923,\"height\":580,\"caption\":\"SEB\"},\"image\":{\"@id\":\"https:\/\/seb-admin.com\/#\/schema\/logo\/image\/\"},\"sameAs\":[\"https:\/\/www.linkedin.com\/company\/10899019\/admin\/\"]}]}<\/script>\n<!-- \/ Yoast SEO plugin. -->","yoast_head_json":{"title":"Livres blancs - SEB","robots":{"index":"index","follow":"follow","max-snippet":"max-snippet:-1","max-image-preview":"max-image-preview:large","max-video-preview":"max-video-preview:-1"},"canonical":"https:\/\/seb-admin.com\/fr-ca\/livres-blancs\/","og_locale":"fr_CA","og_type":"article","og_title":"Livres blancs - SEB","og_description":"NAVIGUER L\u2019\u00c9VOLUTION CRITIQUE DE L\u2019ADMINISTRATION DES AVANTAGES SOCIAUX Mohamad El Chayah, Pr\u00e9sident et chef de la direction | Marie O\u2019Bonsawin, VP Produits et solution Les avantages sociaux des employ\u00e9s sont un investissement essentiel pour les entreprises, ainsi qu\u2019un outil puissant pour attirer et retenir les meilleurs talents. Les plateformes d\u2019avantages sociaux d\u00e9su\u00e8tes nuisent \u00e0 la [&hellip;]","og_url":"https:\/\/seb-admin.com\/fr-ca\/livres-blancs\/","og_site_name":"SEB","article_modified_time":"2025-11-12T18:49:15+00:00","og_image":[{"width":1045,"height":1299,"url":"https:\/\/seb-admin.com\/wp-content\/uploads\/2025\/08\/Future-proofing.jpg","type":"image\/jpeg"}],"twitter_card":"summary_large_image","twitter_misc":{"Estimation du temps de lecture":"1 minute"},"schema":{"@context":"https:\/\/schema.org","@graph":[{"@type":"WebPage","@id":"https:\/\/seb-admin.com\/fr-ca\/livres-blancs\/","url":"https:\/\/seb-admin.com\/fr-ca\/livres-blancs\/","name":"Livres blancs - SEB","isPartOf":{"@id":"https:\/\/seb-admin.com\/#website"},"primaryImageOfPage":{"@id":"https:\/\/seb-admin.com\/fr-ca\/livres-blancs\/#primaryimage"},"image":{"@id":"https:\/\/seb-admin.com\/fr-ca\/livres-blancs\/#primaryimage"},"thumbnailUrl":"https:\/\/seb-admin.com\/wp-content\/uploads\/2025\/08\/Future-proofing.jpg","datePublished":"2025-08-24T18:36:17+00:00","dateModified":"2025-11-12T18:49:15+00:00","breadcrumb":{"@id":"https:\/\/seb-admin.com\/fr-ca\/livres-blancs\/#breadcrumb"},"inLanguage":"fr-CA","potentialAction":[{"@type":"ReadAction","target":["https:\/\/seb-admin.com\/fr-ca\/livres-blancs\/"]}]},{"@type":"ImageObject","inLanguage":"fr-CA","@id":"https:\/\/seb-admin.com\/fr-ca\/livres-blancs\/#primaryimage","url":"https:\/\/seb-admin.com\/wp-content\/uploads\/2025\/08\/Future-proofing.jpg","contentUrl":"https:\/\/seb-admin.com\/wp-content\/uploads\/2025\/08\/Future-proofing.jpg"},{"@type":"BreadcrumbList","@id":"https:\/\/seb-admin.com\/fr-ca\/livres-blancs\/#breadcrumb","itemListElement":[{"@type":"ListItem","position":1,"name":"Home","item":"https:\/\/seb-admin.com\/fr-ca\/accueil\/"},{"@type":"ListItem","position":2,"name":"Livres blancs"}]},{"@type":"WebSite","@id":"https:\/\/seb-admin.com\/#website","url":"https:\/\/seb-admin.com\/","name":"SEB","description":"","publisher":{"@id":"https:\/\/seb-admin.com\/#organization"},"potentialAction":[{"@type":"SearchAction","target":{"@type":"EntryPoint","urlTemplate":"https:\/\/seb-admin.com\/?s={search_term_string}"},"query-input":{"@type":"PropertyValueSpecification","valueRequired":true,"valueName":"search_term_string"}}],"inLanguage":"fr-CA"},{"@type":"Organization","@id":"https:\/\/seb-admin.com\/#organization","name":"SEB","url":"https:\/\/seb-admin.com\/","logo":{"@type":"ImageObject","inLanguage":"fr-CA","@id":"https:\/\/seb-admin.com\/#\/schema\/logo\/image\/","url":"https:\/\/seb-admin.com\/wp-content\/uploads\/2025\/07\/SEB-Reverse-Logo.png","contentUrl":"https:\/\/seb-admin.com\/wp-content\/uploads\/2025\/07\/SEB-Reverse-Logo.png","width":1923,"height":580,"caption":"SEB"},"image":{"@id":"https:\/\/seb-admin.com\/#\/schema\/logo\/image\/"},"sameAs":["https:\/\/www.linkedin.com\/company\/10899019\/admin\/"]}]}},"jetpack_sharing_enabled":true,"_links":{"self":[{"href":"https:\/\/seb-admin.com\/fr-ca\/wp-json\/wp\/v2\/pages\/26014","targetHints":{"allow":["GET"]}}],"collection":[{"href":"https:\/\/seb-admin.com\/fr-ca\/wp-json\/wp\/v2\/pages"}],"about":[{"href":"https:\/\/seb-admin.com\/fr-ca\/wp-json\/wp\/v2\/types\/page"}],"author":[{"embeddable":true,"href":"https:\/\/seb-admin.com\/fr-ca\/wp-json\/wp\/v2\/users\/1"}],"replies":[{"embeddable":true,"href":"https:\/\/seb-admin.com\/fr-ca\/wp-json\/wp\/v2\/comments?post=26014"}],"version-history":[{"count":10,"href":"https:\/\/seb-admin.com\/fr-ca\/wp-json\/wp\/v2\/pages\/26014\/revisions"}],"predecessor-version":[{"id":29414,"href":"https:\/\/seb-admin.com\/fr-ca\/wp-json\/wp\/v2\/pages\/26014\/revisions\/29414"}],"wp:attachment":[{"href":"https:\/\/seb-admin.com\/fr-ca\/wp-json\/wp\/v2\/media?parent=26014"}],"curies":[{"name":"wp","href":"https:\/\/api.w.org\/{rel}","templated":true}]}}