{"id":25981,"date":"2025-08-24T21:00:28","date_gmt":"2025-08-24T21:00:28","guid":{"rendered":"https:\/\/seb-admin.com\/evenements-et-webinaires\/"},"modified":"2025-11-12T19:19:03","modified_gmt":"2025-11-12T19:19:03","slug":"evenements-et-webinaires","status":"publish","type":"page","link":"https:\/\/seb-admin.com\/fr-ca\/evenements-et-webinaires\/","title":{"rendered":"\u00c9v\u00e9nements et webinaires"},"content":{"rendered":"\t\t<div data-elementor-type=\"wp-page\" data-elementor-id=\"25981\" class=\"elementor elementor-25981 elementor-24683\" data-elementor-post-type=\"page\">\n\t\t\t\t\t\t\t<div class=\" elementor-element elementor-element-b1cffe5 e-con-full e-flex e-con e-parent\" data-stretch=\"full\" data-stretch-width=\"0\" data-id=\"b1cffe5\" data-element_type=\"container\" data-settings=\"{&quot;background_background&quot;:&quot;classic&quot;}\">\r\n\t\t\t\t\t\t<div class=\" elementor-element elementor-element-8aaca01 e-flex e-con-boxed e-con e-child\" data-id=\"8aaca01\" data-element_type=\"container\">\r\n\t\t\t\t\t\t\t<div class=\"e-con-inner\">\r\n\t\t\t\t\t\t<div class=\"elementor-element elementor-element-7d618a0 elementor-widget elementor-widget-udesign_widget_heading\" data-id=\"7d618a0\" data-element_type=\"widget\" data-widget_type=\"udesign_widget_heading.default\">\n\t\t\t\t<div class=\"elementor-widget-container\">\n\t\t\t\t\t<div class=\"title-wrapper  title-underline title-underline2 title-center\"><h2 class=\"title elementor-heading-title\">\u00c9v\u00e9nements<\/h2><\/div>\t\t\t\t<\/div>\n\t\t\t\t<\/div>\n\t\t\t\t\t\t<\/div>\r\n\t\t\t\t\r\n\t\t\t<\/div>\r\n\t\t\t\r\n\t\t\t<\/div>\r\n\t\t\t\t\t\t<div class=\" elementor-element elementor-element-05b2e95 e-con-full e-flex e-con e-parent\" data-stretch=\"full\" data-stretch-width=\"0\" data-id=\"05b2e95\" data-element_type=\"container\" data-settings=\"{&quot;background_background&quot;:&quot;classic&quot;}\">\r\n\t\t\t\t\t\t<div class=\" elementor-element elementor-element-7669fe7 e-flex e-con-boxed e-con e-child\" data-id=\"7669fe7\" data-element_type=\"container\">\r\n\t\t\t\t\t\t\t<div class=\"e-con-inner\">\r\n\t\t\t\t\t\t\t<div class=\" elementor-element elementor-element-76bd1e0 e-con-full ms-md-0 ms-sm-2 me-md-0 me-sm-2 e-flex elementor-invisible e-con e-child\" data-id=\"76bd1e0\" data-element_type=\"container\" data-settings=\"{&quot;animation&quot;:&quot;fadeIn&quot;,&quot;animation_delay&quot;:300}\">\r\n\t\t\t\t\t<div class=\"elementor-element elementor-element-620d87b elementor-widget elementor-widget-video\" data-id=\"620d87b\" data-element_type=\"widget\" data-settings=\"{&quot;youtube_url&quot;:&quot;https:\\\/\\\/youtu.be\\\/CXRsq0g1WoA&quot;,&quot;show_image_overlay&quot;:&quot;yes&quot;,&quot;image_overlay&quot;:{&quot;url&quot;:&quot;https:\\\/\\\/seb-admin.com\\\/wp-content\\\/uploads\\\/2025\\\/08\\\/tech-insights-benefits-canada.jpg&quot;,&quot;id&quot;:24718,&quot;size&quot;:&quot;&quot;,&quot;alt&quot;:&quot;&quot;,&quot;source&quot;:&quot;library&quot;},&quot;lightbox&quot;:&quot;yes&quot;,&quot;video_type&quot;:&quot;youtube&quot;,&quot;controls&quot;:&quot;yes&quot;}\" data-widget_type=\"video.default\">\n\t\t\t\t<div class=\"elementor-widget-container\">\n\t\t\t\t\t\t\t<div class=\"elementor-wrapper elementor-open-lightbox\">\n\t\t\t\t\t\t\t<div class=\"elementor-custom-embed-image-overlay\" data-elementor-open-lightbox=\"yes\" data-elementor-lightbox=\"{&quot;type&quot;:&quot;video&quot;,&quot;videoType&quot;:&quot;youtube&quot;,&quot;url&quot;:&quot;https:\\\/\\\/www.youtube.com\\\/embed\\\/CXRsq0g1WoA?feature=oembed&amp;start&amp;end&amp;wmode=opaque&amp;loop=0&amp;controls=1&amp;mute=0&amp;rel=0&amp;cc_load_policy=0&quot;,&quot;autoplay&quot;:&quot;&quot;,&quot;modalOptions&quot;:{&quot;id&quot;:&quot;elementor-lightbox-620d87b&quot;,&quot;entranceAnimation&quot;:&quot;&quot;,&quot;entranceAnimation_tablet&quot;:&quot;&quot;,&quot;entranceAnimation_mobile&quot;:&quot;&quot;,&quot;videoAspectRatio&quot;:&quot;169&quot;}}\" data-e-action-hash=\"#elementor-action%3Aaction%3Dlightbox%26settings%3DeyJ0eXBlIjoidmlkZW8iLCJ2aWRlb1R5cGUiOiJ5b3V0dWJlIiwidXJsIjoiaHR0cHM6XC9cL3d3dy55b3V0dWJlLmNvbVwvZW1iZWRcL0NYUnNxMGcxV29BP2ZlYXR1cmU9b2VtYmVkJnN0YXJ0JmVuZCZ3bW9kZT1vcGFxdWUmbG9vcD0wJmNvbnRyb2xzPTEmbXV0ZT0wJnJlbD0wJmNjX2xvYWRfcG9saWN5PTAiLCJhdXRvcGxheSI6IiIsIm1vZGFsT3B0aW9ucyI6eyJpZCI6ImVsZW1lbnRvci1saWdodGJveC02MjBkODdiIiwiZW50cmFuY2VBbmltYXRpb24iOiIiLCJlbnRyYW5jZUFuaW1hdGlvbl90YWJsZXQiOiIiLCJlbnRyYW5jZUFuaW1hdGlvbl9tb2JpbGUiOiIiLCJ2aWRlb0FzcGVjdFJhdGlvIjoiMTY5In19\">\n\t\t\t\t\t\t\t\t\t\t\t<img fetchpriority=\"high\" decoding=\"async\" width=\"1432\" height=\"780\" src=\"https:\/\/seb-admin.com\/wp-content\/uploads\/2025\/08\/tech-insights-benefits-canada.jpg\" class=\"attachment-full size-full wp-image-24718\" alt=\"\" \/>\t\t\t\t\t\t\t\t\t\t\t\t\t\t\t\t<div class=\"elementor-custom-embed-play\" role=\"button\" aria-label=\"Lire la vid\u00e9o\" tabindex=\"0\">\n\t\t\t\t\t\t\t<svg aria-hidden=\"true\" class=\"e-font-icon-svg e-eicon-play\" viewBox=\"0 0 1000 1000\" xmlns=\"http:\/\/www.w3.org\/2000\/svg\"><path d=\"M838 162C746 71 633 25 500 25 371 25 258 71 163 162 71 254 25 367 25 500 25 633 71 746 163 837 254 929 367 979 500 979 633 979 746 933 838 837 929 746 975 633 975 500 975 367 929 254 838 162M808 192C892 279 933 379 933 500 933 621 892 725 808 808 725 892 621 938 500 938 379 938 279 896 196 808 113 725 67 621 67 500 67 379 108 279 196 192 279 108 383 62 500 62 621 62 721 108 808 192M438 392V642L642 517 438 392Z\"><\/path><\/svg>\t\t\t\t\t\t<\/div>\n\t\t\t\t\t\t\t\t\t<\/div>\n\t\t\t\t\t<\/div>\n\t\t\t\t\t\t<\/div>\n\t\t\t\t<\/div>\n\t\t\t\t<div class=\"elementor-element elementor-element-ca411f9 elementor-widget elementor-widget-udesign_widget_heading\" data-id=\"ca411f9\" data-element_type=\"widget\" data-widget_type=\"udesign_widget_heading.default\">\n\t\t\t\t<div class=\"elementor-widget-container\">\n\t\t\t\t\t<div class=\"title-wrapper  title-left\"><h2 class=\"title elementor-heading-title\">LifeJourney \u00c9v\u00e9nements\nvirtuel<\/h2><\/div>\t\t\t\t<\/div>\n\t\t\t\t<\/div>\n\t\t\r\n\t\t\t<\/div>\r\n\t\t\t\t\t\t<div class=\" elementor-element elementor-element-08e8c1d e-con-full ms-md-0 ms-sm-2 me-md-0 me-sm-2 e-flex elementor-invisible e-con e-child\" data-id=\"08e8c1d\" data-element_type=\"container\" data-settings=\"{&quot;animation&quot;:&quot;fadeIn&quot;,&quot;animation_delay&quot;:300}\">\r\n\t\t\t\r\n\t\t\t<\/div>\r\n\t\t\t\t\t\t<div class=\" elementor-element elementor-element-0d63168 e-con-full ms-md-0 ms-sm-2 me-md-0 me-sm-2 e-flex elementor-invisible e-con e-child\" data-id=\"0d63168\" data-element_type=\"container\" data-settings=\"{&quot;animation&quot;:&quot;fadeIn&quot;,&quot;animation_delay&quot;:300}\">\r\n\t\t\t\r\n\t\t\t<\/div>\r\n\t\t\t\t\t\t\t<\/div>\r\n\t\t\t\t\r\n\t\t\t<\/div>\r\n\t\t\t\r\n\t\t\t<\/div>\r\n\t\t\t\t\t\t<div class=\" elementor-element elementor-element-5ae25f7 e-flex e-con-boxed e-con e-parent\" data-stretch=\"full\" data-stretch-width=\"0\" data-id=\"5ae25f7\" data-element_type=\"container\" data-settings=\"{&quot;background_background&quot;:&quot;classic&quot;}\">\r\n\t\t\t\t\t\t\t<div class=\"e-con-inner\">\r\n\t\t\t\t\t\t<div class=\"elementor-element elementor-element-5b60905 elementor-widget-divider--view-line elementor-widget elementor-widget-divider\" data-id=\"5b60905\" data-element_type=\"widget\" data-widget_type=\"divider.default\">\n\t\t\t\t<div class=\"elementor-widget-container\">\n\t\t\t\t\t\t\t<div class=\"elementor-divider\">\n\t\t\t<span class=\"elementor-divider-separator\">\n\t\t\t\t\t\t<\/span>\n\t\t<\/div>\n\t\t\t\t\t\t<\/div>\n\t\t\t\t<\/div>\n\t\t\t\t\t\t<\/div>\r\n\t\t\t\t\r\n\t\t\t<\/div>\r\n\t\t\t\t\t\t<div class=\" elementor-element elementor-element-1189af7 e-con-full e-flex e-con e-parent\" data-stretch=\"full\" data-stretch-width=\"0\" data-id=\"1189af7\" data-element_type=\"container\" data-settings=\"{&quot;background_background&quot;:&quot;classic&quot;}\">\r\n\t\t\t\t\t\t<div class=\" elementor-element elementor-element-7f2341c e-flex e-con-boxed e-con e-child\" data-id=\"7f2341c\" data-element_type=\"container\">\r\n\t\t\t\t\t\t\t<div class=\"e-con-inner\">\r\n\t\t\t\t\t\t<div class=\"elementor-element elementor-element-8358f3d elementor-widget elementor-widget-udesign_widget_heading\" data-id=\"8358f3d\" data-element_type=\"widget\" data-widget_type=\"udesign_widget_heading.default\">\n\t\t\t\t<div class=\"elementor-widget-container\">\n\t\t\t\t\t<div class=\"title-wrapper  title-underline title-underline2 title-center\"><h2 class=\"title elementor-heading-title\">Webinaires<\/h2><\/div>\t\t\t\t<\/div>\n\t\t\t\t<\/div>\n\t\t\t\t\t\t<\/div>\r\n\t\t\t\t\r\n\t\t\t<\/div>\r\n\t\t\t\r\n\t\t\t<\/div>\r\n\t\t\t\t\t\t<div class=\" elementor-element elementor-element-d4f6bb3 e-con-full e-flex e-con e-parent\" data-stretch=\"full\" data-stretch-width=\"0\" data-id=\"d4f6bb3\" data-element_type=\"container\" data-settings=\"{&quot;background_background&quot;:&quot;classic&quot;}\">\r\n\t\t\t\t\t\t<div class=\" elementor-element elementor-element-89d76f3 e-flex e-con-boxed e-con e-child\" data-id=\"89d76f3\" data-element_type=\"container\">\r\n\t\t\t\t\t\t\t<div class=\"e-con-inner\">\r\n\t\t\t\t\t\t\t<div class=\" elementor-element elementor-element-11bcaa9 e-con-full ms-md-0 ms-sm-2 me-md-0 me-sm-2 e-flex elementor-invisible e-con e-child\" data-id=\"11bcaa9\" data-element_type=\"container\" data-settings=\"{&quot;animation&quot;:&quot;fadeIn&quot;,&quot;animation_delay&quot;:300}\">\r\n\t\t\t\t\t<div class=\"elementor-element elementor-element-5d979d8 elementor-widget elementor-widget-video\" data-id=\"5d979d8\" data-element_type=\"widget\" data-settings=\"{&quot;youtube_url&quot;:&quot;https:\\\/\\\/youtu.be\\\/ZIkdLjMMqT4&quot;,&quot;show_image_overlay&quot;:&quot;yes&quot;,&quot;image_overlay&quot;:{&quot;url&quot;:&quot;https:\\\/\\\/seb-admin.com\\\/wp-content\\\/uploads\\\/2025\\\/11\\\/Webinar-Virtual-Care-FR.png&quot;,&quot;id&quot;:29439,&quot;size&quot;:&quot;&quot;,&quot;alt&quot;:&quot;&quot;,&quot;source&quot;:&quot;library&quot;},&quot;lightbox&quot;:&quot;yes&quot;,&quot;video_type&quot;:&quot;youtube&quot;,&quot;controls&quot;:&quot;yes&quot;}\" data-widget_type=\"video.default\">\n\t\t\t\t<div class=\"elementor-widget-container\">\n\t\t\t\t\t\t\t<div class=\"elementor-wrapper elementor-open-lightbox\">\n\t\t\t\t\t\t\t<div class=\"elementor-custom-embed-image-overlay\" data-elementor-open-lightbox=\"yes\" data-elementor-lightbox=\"{&quot;type&quot;:&quot;video&quot;,&quot;videoType&quot;:&quot;youtube&quot;,&quot;url&quot;:&quot;https:\\\/\\\/www.youtube.com\\\/embed\\\/ZIkdLjMMqT4?feature=oembed&amp;start&amp;end&amp;wmode=opaque&amp;loop=0&amp;controls=1&amp;mute=0&amp;rel=0&amp;cc_load_policy=0&quot;,&quot;autoplay&quot;:&quot;&quot;,&quot;modalOptions&quot;:{&quot;id&quot;:&quot;elementor-lightbox-5d979d8&quot;,&quot;entranceAnimation&quot;:&quot;&quot;,&quot;entranceAnimation_tablet&quot;:&quot;&quot;,&quot;entranceAnimation_mobile&quot;:&quot;&quot;,&quot;videoAspectRatio&quot;:&quot;169&quot;}}\" data-e-action-hash=\"#elementor-action%3Aaction%3Dlightbox%26settings%3DeyJ0eXBlIjoidmlkZW8iLCJ2aWRlb1R5cGUiOiJ5b3V0dWJlIiwidXJsIjoiaHR0cHM6XC9cL3d3dy55b3V0dWJlLmNvbVwvZW1iZWRcL1pJa2RMak1NcVQ0P2ZlYXR1cmU9b2VtYmVkJnN0YXJ0JmVuZCZ3bW9kZT1vcGFxdWUmbG9vcD0wJmNvbnRyb2xzPTEmbXV0ZT0wJnJlbD0wJmNjX2xvYWRfcG9saWN5PTAiLCJhdXRvcGxheSI6IiIsIm1vZGFsT3B0aW9ucyI6eyJpZCI6ImVsZW1lbnRvci1saWdodGJveC01ZDk3OWQ4IiwiZW50cmFuY2VBbmltYXRpb24iOiIiLCJlbnRyYW5jZUFuaW1hdGlvbl90YWJsZXQiOiIiLCJlbnRyYW5jZUFuaW1hdGlvbl9tb2JpbGUiOiIiLCJ2aWRlb0FzcGVjdFJhdGlvIjoiMTY5In19\">\n\t\t\t\t\t\t\t\t\t\t\t<img decoding=\"async\" width=\"809\" height=\"451\" src=\"https:\/\/seb-admin.com\/wp-content\/uploads\/2025\/11\/Webinar-Virtual-Care-FR.png\" class=\"attachment-full size-full wp-image-29439\" alt=\"\" \/>\t\t\t\t\t\t\t\t\t\t\t\t\t\t\t\t<div class=\"elementor-custom-embed-play\" role=\"button\" aria-label=\"Lire la vid\u00e9o\" tabindex=\"0\">\n\t\t\t\t\t\t\t<svg aria-hidden=\"true\" class=\"e-font-icon-svg e-eicon-play\" viewBox=\"0 0 1000 1000\" xmlns=\"http:\/\/www.w3.org\/2000\/svg\"><path d=\"M838 162C746 71 633 25 500 25 371 25 258 71 163 162 71 254 25 367 25 500 25 633 71 746 163 837 254 929 367 979 500 979 633 979 746 933 838 837 929 746 975 633 975 500 975 367 929 254 838 162M808 192C892 279 933 379 933 500 933 621 892 725 808 808 725 892 621 938 500 938 379 938 279 896 196 808 113 725 67 621 67 500 67 379 108 279 196 192 279 108 383 62 500 62 621 62 721 108 808 192M438 392V642L642 517 438 392Z\"><\/path><\/svg>\t\t\t\t\t\t<\/div>\n\t\t\t\t\t\t\t\t\t<\/div>\n\t\t\t\t\t<\/div>\n\t\t\t\t\t\t<\/div>\n\t\t\t\t<\/div>\n\t\t\t\t<div class=\"elementor-element elementor-element-0089e29 elementor-widget elementor-widget-udesign_widget_heading\" data-id=\"0089e29\" data-element_type=\"widget\" data-widget_type=\"udesign_widget_heading.default\">\n\t\t\t\t<div class=\"elementor-widget-container\">\n\t\t\t\t\t<div class=\"title-wrapper  title-left\"><h2 class=\"title elementor-heading-title\">Pr\u00e9sentation Soins Virtuels Telus Sant\u00e9<\/h2><\/div>\t\t\t\t<\/div>\n\t\t\t\t<\/div>\n\t\t\r\n\t\t\t<\/div>\r\n\t\t\t\t\t\t<div class=\" elementor-element elementor-element-c67d6d3 e-con-full ms-md-0 ms-sm-2 me-md-0 me-sm-2 e-flex elementor-invisible e-con e-child\" data-id=\"c67d6d3\" data-element_type=\"container\" data-settings=\"{&quot;animation&quot;:&quot;fadeIn&quot;,&quot;animation_delay&quot;:300}\">\r\n\t\t\t\r\n\t\t\t<\/div>\r\n\t\t\t\t\t\t<div class=\" elementor-element elementor-element-7331378 e-con-full ms-md-0 ms-sm-2 me-md-0 me-sm-2 e-flex elementor-invisible e-con e-child\" data-id=\"7331378\" data-element_type=\"container\" data-settings=\"{&quot;animation&quot;:&quot;fadeIn&quot;,&quot;animation_delay&quot;:300}\">\r\n\t\t\t\t\t<div class=\"elementor-element elementor-element-9d8e418 elementor-widget elementor-widget-video\" data-id=\"9d8e418\" data-element_type=\"widget\" data-settings=\"{&quot;youtube_url&quot;:&quot;https:\\\/\\\/youtu.be\\\/zoBSxEL1r4E&quot;,&quot;show_image_overlay&quot;:&quot;yes&quot;,&quot;image_overlay&quot;:{&quot;url&quot;:&quot;https:\\\/\\\/seb-admin.com\\\/wp-content\\\/uploads\\\/2025\\\/11\\\/CYG-Webinar-FR.png&quot;,&quot;id&quot;:29438,&quot;size&quot;:&quot;&quot;,&quot;alt&quot;:&quot;&quot;,&quot;source&quot;:&quot;library&quot;},&quot;lightbox&quot;:&quot;yes&quot;,&quot;video_type&quot;:&quot;youtube&quot;,&quot;controls&quot;:&quot;yes&quot;}\" data-widget_type=\"video.default\">\n\t\t\t\t<div class=\"elementor-widget-container\">\n\t\t\t\t\t\t\t<div class=\"elementor-wrapper elementor-open-lightbox\">\n\t\t\t\t\t\t\t<div class=\"elementor-custom-embed-image-overlay\" data-elementor-open-lightbox=\"yes\" data-elementor-lightbox=\"{&quot;type&quot;:&quot;video&quot;,&quot;videoType&quot;:&quot;youtube&quot;,&quot;url&quot;:&quot;https:\\\/\\\/www.youtube.com\\\/embed\\\/zoBSxEL1r4E?feature=oembed&amp;start&amp;end&amp;wmode=opaque&amp;loop=0&amp;controls=1&amp;mute=0&amp;rel=0&amp;cc_load_policy=0&quot;,&quot;autoplay&quot;:&quot;&quot;,&quot;modalOptions&quot;:{&quot;id&quot;:&quot;elementor-lightbox-9d8e418&quot;,&quot;entranceAnimation&quot;:&quot;&quot;,&quot;entranceAnimation_tablet&quot;:&quot;&quot;,&quot;entranceAnimation_mobile&quot;:&quot;&quot;,&quot;videoAspectRatio&quot;:&quot;169&quot;}}\" data-e-action-hash=\"#elementor-action%3Aaction%3Dlightbox%26settings%3DeyJ0eXBlIjoidmlkZW8iLCJ2aWRlb1R5cGUiOiJ5b3V0dWJlIiwidXJsIjoiaHR0cHM6XC9cL3d3dy55b3V0dWJlLmNvbVwvZW1iZWRcL3pvQlN4RUwxcjRFP2ZlYXR1cmU9b2VtYmVkJnN0YXJ0JmVuZCZ3bW9kZT1vcGFxdWUmbG9vcD0wJmNvbnRyb2xzPTEmbXV0ZT0wJnJlbD0wJmNjX2xvYWRfcG9saWN5PTAiLCJhdXRvcGxheSI6IiIsIm1vZGFsT3B0aW9ucyI6eyJpZCI6ImVsZW1lbnRvci1saWdodGJveC05ZDhlNDE4IiwiZW50cmFuY2VBbmltYXRpb24iOiIiLCJlbnRyYW5jZUFuaW1hdGlvbl90YWJsZXQiOiIiLCJlbnRyYW5jZUFuaW1hdGlvbl9tb2JpbGUiOiIiLCJ2aWRlb0FzcGVjdFJhdGlvIjoiMTY5In19\">\n\t\t\t\t\t\t\t\t\t\t\t<img decoding=\"async\" width=\"965\" height=\"553\" src=\"https:\/\/seb-admin.com\/wp-content\/uploads\/2025\/11\/CYG-Webinar-FR.png\" class=\"attachment-full size-full wp-image-29438\" alt=\"\" \/>\t\t\t\t\t\t\t\t\t\t\t\t\t\t\t\t<div class=\"elementor-custom-embed-play\" role=\"button\" aria-label=\"Lire la vid\u00e9o\" tabindex=\"0\">\n\t\t\t\t\t\t\t<svg aria-hidden=\"true\" class=\"e-font-icon-svg e-eicon-play\" viewBox=\"0 0 1000 1000\" xmlns=\"http:\/\/www.w3.org\/2000\/svg\"><path d=\"M838 162C746 71 633 25 500 25 371 25 258 71 163 162 71 254 25 367 25 500 25 633 71 746 163 837 254 929 367 979 500 979 633 979 746 933 838 837 929 746 975 633 975 500 975 367 929 254 838 162M808 192C892 279 933 379 933 500 933 621 892 725 808 808 725 892 621 938 500 938 379 938 279 896 196 808 113 725 67 621 67 500 67 379 108 279 196 192 279 108 383 62 500 62 621 62 721 108 808 192M438 392V642L642 517 438 392Z\"><\/path><\/svg>\t\t\t\t\t\t<\/div>\n\t\t\t\t\t\t\t\t\t<\/div>\n\t\t\t\t\t<\/div>\n\t\t\t\t\t\t<\/div>\n\t\t\t\t<\/div>\n\t\t\t\t<div class=\"elementor-element elementor-element-c0aac74 elementor-widget elementor-widget-udesign_widget_heading\" data-id=\"c0aac74\" data-element_type=\"widget\" data-widget_type=\"udesign_widget_heading.default\">\n\t\t\t\t<div class=\"elementor-widget-container\">\n\t\t\t\t\t<div class=\"title-wrapper  title-left\"><h2 class=\"title elementor-heading-title\">Webinaires EnContinu DOR\u00c9<\/h2><\/div>\t\t\t\t<\/div>\n\t\t\t\t<\/div>\n\t\t\r\n\t\t\t<\/div>\r\n\t\t\t\t\t\t\t<\/div>\r\n\t\t\t\t\r\n\t\t\t<\/div>\r\n\t\t\t\r\n\t\t\t<\/div>\r\n\t\t\t\t\t\t<div class=\" elementor-element elementor-element-54b2d8a e-con-full e-flex e-con e-parent\" data-id=\"54b2d8a\" data-element_type=\"container\">\r\n\t\t\t\t\t\t<div class=\" elementor-element elementor-element-563ee14 e-con-full e-flex e-con e-child\" data-id=\"563ee14\" data-element_type=\"container\" data-settings=\"{&quot;background_background&quot;:&quot;classic&quot;}\">\r\n\t\t\t\t\t<div class=\"elementor-element elementor-element-89e7a95 elementor-widget elementor-widget-udesign_widget_heading\" data-id=\"89e7a95\" data-element_type=\"widget\" data-widget_type=\"udesign_widget_heading.default\">\n\t\t\t\t<div class=\"elementor-widget-container\">\n\t\t\t\t\t<div class=\"title-wrapper  title-underline title-underline2 title-center\"><h2 class=\"title elementor-heading-title\">Faisons passer votre entreprise au niveau sup\u00e9rieur!<\/h2><\/div>\t\t\t\t<\/div>\n\t\t\t\t<\/div>\n\t\t\t\t<div class=\"elementor-element elementor-element-399e5fc elementor-widget__width-initial elementor-widget-tablet_extra__width-initial elementor-widget elementor-widget-heading\" data-id=\"399e5fc\" data-element_type=\"widget\" data-widget_type=\"heading.default\">\n\t\t\t\t<div class=\"elementor-widget-container\">\n\t\t\t\t\t<p class=\"elementor-heading-title elementor-size-default\">SEB Admin est une entreprise bien \u00e9tablie de prestations et de technologie. Venez travailler avec notre \u00e9quipe dynamique! <\/p>\t\t\t\t<\/div>\n\t\t\t\t<\/div>\n\t\t\t\t<div class=\"elementor-element elementor-element-0fca2f7 elementor-widget elementor-widget-udesign_widget_button\" data-id=\"0fca2f7\" data-element_type=\"widget\" data-widget_type=\"udesign_widget_button.default\">\n\t\t\t\t<div class=\"elementor-widget-container\">\n\t\t\t\t\t<a class=\"btn btn-outline btn-lg btn-rounded btn-primary btn-icon btn-icon-right\" href=\"https:\/\/seb-admin.com\/fr-ca\/contactez-nous\/\" ><span >Connectons-nous<\/span><i class=\"a-icon-long-arrow-right\"><\/i><\/a>\t\t\t\t<\/div>\n\t\t\t\t<\/div>\n\t\t\r\n\t\t\t<\/div>\r\n\t\t\t\r\n\t\t\t<\/div>\r\n\t\t\t\t\t<\/div>\n\t\t","protected":false},"excerpt":{"rendered":"<p>\u00c9v\u00e9nements LifeJourney \u00c9v\u00e9nements virtuel Webinaires Pr\u00e9sentation Soins Virtuels Telus Sant\u00e9 Webinaires EnContinu DOR\u00c9 Faisons passer votre entreprise au niveau sup\u00e9rieur! SEB Admin est une entreprise bien \u00e9tablie de prestations et de technologie. Venez travailler avec notre \u00e9quipe dynamique! Connectons-nous<\/p>\n","protected":false},"author":1,"featured_media":0,"parent":0,"menu_order":0,"comment_status":"closed","ping_status":"closed","template":"elementor_header_footer","meta":{"footnotes":""},"class_list":["post-25981","page","type-page","status-publish","hentry"],"yoast_head":"<!-- This site is optimized with the Yoast SEO plugin v26.4 - https:\/\/yoast.com\/wordpress\/plugins\/seo\/ -->\n<title>\u00c9v\u00e9nements et webinaires - SEB<\/title>\n<meta name=\"robots\" content=\"index, follow, max-snippet:-1, max-image-preview:large, max-video-preview:-1\" \/>\n<link rel=\"canonical\" href=\"https:\/\/seb-admin.com\/fr-ca\/evenements-et-webinaires\/\" \/>\n<meta property=\"og:locale\" content=\"fr_CA\" \/>\n<meta property=\"og:type\" content=\"article\" \/>\n<meta property=\"og:title\" content=\"\u00c9v\u00e9nements et webinaires - SEB\" \/>\n<meta property=\"og:description\" content=\"\u00c9v\u00e9nements LifeJourney \u00c9v\u00e9nements virtuel Webinaires Pr\u00e9sentation Soins Virtuels Telus Sant\u00e9 Webinaires EnContinu DOR\u00c9 Faisons passer votre entreprise au niveau sup\u00e9rieur! SEB Admin est une entreprise bien \u00e9tablie de prestations et de technologie. Venez travailler avec notre \u00e9quipe dynamique! Connectons-nous\" \/>\n<meta property=\"og:url\" content=\"https:\/\/seb-admin.com\/fr-ca\/evenements-et-webinaires\/\" \/>\n<meta property=\"og:site_name\" content=\"SEB\" \/>\n<meta property=\"article:modified_time\" content=\"2025-11-12T19:19:03+00:00\" \/>\n<meta name=\"twitter:card\" content=\"summary_large_image\" \/>\n<script type=\"application\/ld+json\" class=\"yoast-schema-graph\">{\"@context\":\"https:\/\/schema.org\",\"@graph\":[{\"@type\":\"WebPage\",\"@id\":\"https:\/\/seb-admin.com\/fr-ca\/evenements-et-webinaires\/\",\"url\":\"https:\/\/seb-admin.com\/fr-ca\/evenements-et-webinaires\/\",\"name\":\"\u00c9v\u00e9nements et webinaires - SEB\",\"isPartOf\":{\"@id\":\"https:\/\/seb-admin.com\/#website\"},\"datePublished\":\"2025-08-24T21:00:28+00:00\",\"dateModified\":\"2025-11-12T19:19:03+00:00\",\"breadcrumb\":{\"@id\":\"https:\/\/seb-admin.com\/fr-ca\/evenements-et-webinaires\/#breadcrumb\"},\"inLanguage\":\"fr-CA\",\"potentialAction\":[{\"@type\":\"ReadAction\",\"target\":[\"https:\/\/seb-admin.com\/fr-ca\/evenements-et-webinaires\/\"]}]},{\"@type\":\"BreadcrumbList\",\"@id\":\"https:\/\/seb-admin.com\/fr-ca\/evenements-et-webinaires\/#breadcrumb\",\"itemListElement\":[{\"@type\":\"ListItem\",\"position\":1,\"name\":\"Home\",\"item\":\"https:\/\/seb-admin.com\/fr-ca\/accueil\/\"},{\"@type\":\"ListItem\",\"position\":2,\"name\":\"\u00c9v\u00e9nements et webinaires\"}]},{\"@type\":\"WebSite\",\"@id\":\"https:\/\/seb-admin.com\/#website\",\"url\":\"https:\/\/seb-admin.com\/\",\"name\":\"SEB\",\"description\":\"\",\"publisher\":{\"@id\":\"https:\/\/seb-admin.com\/#organization\"},\"potentialAction\":[{\"@type\":\"SearchAction\",\"target\":{\"@type\":\"EntryPoint\",\"urlTemplate\":\"https:\/\/seb-admin.com\/?s={search_term_string}\"},\"query-input\":{\"@type\":\"PropertyValueSpecification\",\"valueRequired\":true,\"valueName\":\"search_term_string\"}}],\"inLanguage\":\"fr-CA\"},{\"@type\":\"Organization\",\"@id\":\"https:\/\/seb-admin.com\/#organization\",\"name\":\"SEB\",\"url\":\"https:\/\/seb-admin.com\/\",\"logo\":{\"@type\":\"ImageObject\",\"inLanguage\":\"fr-CA\",\"@id\":\"https:\/\/seb-admin.com\/#\/schema\/logo\/image\/\",\"url\":\"https:\/\/seb-admin.com\/wp-content\/uploads\/2025\/07\/SEB-Reverse-Logo.png\",\"contentUrl\":\"https:\/\/seb-admin.com\/wp-content\/uploads\/2025\/07\/SEB-Reverse-Logo.png\",\"width\":1923,\"height\":580,\"caption\":\"SEB\"},\"image\":{\"@id\":\"https:\/\/seb-admin.com\/#\/schema\/logo\/image\/\"},\"sameAs\":[\"https:\/\/www.linkedin.com\/company\/10899019\/admin\/\"]}]}<\/script>\n<!-- \/ Yoast SEO plugin. -->","yoast_head_json":{"title":"\u00c9v\u00e9nements et webinaires - SEB","robots":{"index":"index","follow":"follow","max-snippet":"max-snippet:-1","max-image-preview":"max-image-preview:large","max-video-preview":"max-video-preview:-1"},"canonical":"https:\/\/seb-admin.com\/fr-ca\/evenements-et-webinaires\/","og_locale":"fr_CA","og_type":"article","og_title":"\u00c9v\u00e9nements et webinaires - SEB","og_description":"\u00c9v\u00e9nements LifeJourney \u00c9v\u00e9nements virtuel Webinaires Pr\u00e9sentation Soins Virtuels Telus Sant\u00e9 Webinaires EnContinu DOR\u00c9 Faisons passer votre entreprise au niveau sup\u00e9rieur! SEB Admin est une entreprise bien \u00e9tablie de prestations et de technologie. Venez travailler avec notre \u00e9quipe dynamique! Connectons-nous","og_url":"https:\/\/seb-admin.com\/fr-ca\/evenements-et-webinaires\/","og_site_name":"SEB","article_modified_time":"2025-11-12T19:19:03+00:00","twitter_card":"summary_large_image","schema":{"@context":"https:\/\/schema.org","@graph":[{"@type":"WebPage","@id":"https:\/\/seb-admin.com\/fr-ca\/evenements-et-webinaires\/","url":"https:\/\/seb-admin.com\/fr-ca\/evenements-et-webinaires\/","name":"\u00c9v\u00e9nements et webinaires - SEB","isPartOf":{"@id":"https:\/\/seb-admin.com\/#website"},"datePublished":"2025-08-24T21:00:28+00:00","dateModified":"2025-11-12T19:19:03+00:00","breadcrumb":{"@id":"https:\/\/seb-admin.com\/fr-ca\/evenements-et-webinaires\/#breadcrumb"},"inLanguage":"fr-CA","potentialAction":[{"@type":"ReadAction","target":["https:\/\/seb-admin.com\/fr-ca\/evenements-et-webinaires\/"]}]},{"@type":"BreadcrumbList","@id":"https:\/\/seb-admin.com\/fr-ca\/evenements-et-webinaires\/#breadcrumb","itemListElement":[{"@type":"ListItem","position":1,"name":"Home","item":"https:\/\/seb-admin.com\/fr-ca\/accueil\/"},{"@type":"ListItem","position":2,"name":"\u00c9v\u00e9nements et webinaires"}]},{"@type":"WebSite","@id":"https:\/\/seb-admin.com\/#website","url":"https:\/\/seb-admin.com\/","name":"SEB","description":"","publisher":{"@id":"https:\/\/seb-admin.com\/#organization"},"potentialAction":[{"@type":"SearchAction","target":{"@type":"EntryPoint","urlTemplate":"https:\/\/seb-admin.com\/?s={search_term_string}"},"query-input":{"@type":"PropertyValueSpecification","valueRequired":true,"valueName":"search_term_string"}}],"inLanguage":"fr-CA"},{"@type":"Organization","@id":"https:\/\/seb-admin.com\/#organization","name":"SEB","url":"https:\/\/seb-admin.com\/","logo":{"@type":"ImageObject","inLanguage":"fr-CA","@id":"https:\/\/seb-admin.com\/#\/schema\/logo\/image\/","url":"https:\/\/seb-admin.com\/wp-content\/uploads\/2025\/07\/SEB-Reverse-Logo.png","contentUrl":"https:\/\/seb-admin.com\/wp-content\/uploads\/2025\/07\/SEB-Reverse-Logo.png","width":1923,"height":580,"caption":"SEB"},"image":{"@id":"https:\/\/seb-admin.com\/#\/schema\/logo\/image\/"},"sameAs":["https:\/\/www.linkedin.com\/company\/10899019\/admin\/"]}]}},"jetpack_sharing_enabled":true,"_links":{"self":[{"href":"https:\/\/seb-admin.com\/fr-ca\/wp-json\/wp\/v2\/pages\/25981","targetHints":{"allow":["GET"]}}],"collection":[{"href":"https:\/\/seb-admin.com\/fr-ca\/wp-json\/wp\/v2\/pages"}],"about":[{"href":"https:\/\/seb-admin.com\/fr-ca\/wp-json\/wp\/v2\/types\/page"}],"author":[{"embeddable":true,"href":"https:\/\/seb-admin.com\/fr-ca\/wp-json\/wp\/v2\/users\/1"}],"replies":[{"embeddable":true,"href":"https:\/\/seb-admin.com\/fr-ca\/wp-json\/wp\/v2\/comments?post=25981"}],"version-history":[{"count":10,"href":"https:\/\/seb-admin.com\/fr-ca\/wp-json\/wp\/v2\/pages\/25981\/revisions"}],"predecessor-version":[{"id":29445,"href":"https:\/\/seb-admin.com\/fr-ca\/wp-json\/wp\/v2\/pages\/25981\/revisions\/29445"}],"wp:attachment":[{"href":"https:\/\/seb-admin.com\/fr-ca\/wp-json\/wp\/v2\/media?parent=25981"}],"curies":[{"name":"wp","href":"https:\/\/api.w.org\/{rel}","templated":true}]}}